{"id":29,"date":"2019-06-15T00:40:57","date_gmt":"2019-06-14T22:40:57","guid":{"rendered":"https:\/\/www.etnomuseo.it\/it\/?page_id=29"},"modified":"2019-07-13T15:40:53","modified_gmt":"2019-07-13T13:40:53","slug":"attivita","status":"publish","type":"page","link":"https:\/\/www.etnomuseo.it\/it\/attivita\/","title":{"rendered":"Attivit\u00e0"},"content":{"rendered":"<h4 style=\"text-align: justify;\"><img loading=\"lazy\" decoding=\"async\" class=\"size-medium wp-image-172 alignleft\" src=\"https:\/\/www.etnomuseo.it\/it\/wp-content\/uploads\/2019\/07\/lat_six-127x300.jpg\" alt=\"\" width=\"127\" height=\"300\" srcset=\"https:\/\/www.etnomuseo.it\/it\/wp-content\/uploads\/2019\/07\/lat_six-127x300.jpg 127w, https:\/\/www.etnomuseo.it\/it\/wp-content\/uploads\/2019\/07\/lat_six.jpg 231w\" sizes=\"auto, (max-width: 127px) 100vw, 127px\" \/> All&#8217;ingresso del museo c&#8217;\u00e8 una cassa per oggetti fragili. E&#8217; chiusa e forse contiene qualche nostra fantasia, qualche curiosit\u00e0 che vorremmo veder esaudita nel percorso del museo.<\/h4>\n<h4 style=\"text-align: justify;\">L&#8217;EtnoMuseo svolge un&#8217;attivit\u00e0 di ricerca sul territorio dei Monti Lepini: il materiale etnografico\u00a0 comprende studi e catalogazioni sulle realt\u00e0 locali.<\/h4>\n","protected":false},"excerpt":{"rendered":"<p>All&#8217;ingresso del museo c&#8217;\u00e8 una cassa per oggetti fragili. E&#8217; chiusa e forse contiene qualche nostra fantasia, qualche curiosit\u00e0 che vorremmo veder esaudita nel percorso del museo. L&#8217;EtnoMuseo svolge un&#8217;attivit\u00e0 di ricerca sul territorio dei Monti Lepini: il materiale etnografico\u00a0 &hellip; <a href=\"https:\/\/www.etnomuseo.it\/it\/attivita\/\">Continua<\/a><\/p>\n","protected":false},"author":1,"featured_media":0,"parent":0,"menu_order":0,"comment_status":"closed","ping_status":"closed","template":"","meta":{"kt_blocks_editor_width":"","footnotes":""},"class_list":["post-29","page","type-page","status-publish","hentry"],"_links":{"self":[{"href":"https:\/\/www.etnomuseo.it\/it\/wp-json\/wp\/v2\/pages\/29","targetHints":{"allow":["GET"]}}],"collection":[{"href":"https:\/\/www.etnomuseo.it\/it\/wp-json\/wp\/v2\/pages"}],"about":[{"href":"https:\/\/www.etnomuseo.it\/it\/wp-json\/wp\/v2\/types\/page"}],"author":[{"embeddable":true,"href":"https:\/\/www.etnomuseo.it\/it\/wp-json\/wp\/v2\/users\/1"}],"replies":[{"embeddable":true,"href":"https:\/\/www.etnomuseo.it\/it\/wp-json\/wp\/v2\/comments?post=29"}],"version-history":[{"count":6,"href":"https:\/\/www.etnomuseo.it\/it\/wp-json\/wp\/v2\/pages\/29\/revisions"}],"predecessor-version":[{"id":177,"href":"https:\/\/www.etnomuseo.it\/it\/wp-json\/wp\/v2\/pages\/29\/revisions\/177"}],"wp:attachment":[{"href":"https:\/\/www.etnomuseo.it\/it\/wp-json\/wp\/v2\/media?parent=29"}],"curies":[{"name":"wp","href":"https:\/\/api.w.org\/{rel}","templated":true}]}}